{"id":179,"date":"2025-05-14T15:27:07","date_gmt":"2025-05-14T21:27:07","guid":{"rendered":"https:\/\/jocotitlan.gob.mx\/dif\/?page_id=179"},"modified":"2025-06-10T15:44:48","modified_gmt":"2025-06-10T21:44:48","slug":"remtys","status":"publish","type":"page","link":"https:\/\/jocotitlan.gob.mx\/dif\/remtys\/","title":{"rendered":"REMTyS"},"content":{"rendered":"\n<div class=\"wp-block-query is-layout-flow wp-block-query-is-layout-flow\"><ul class=\"wp-block-post-template is-layout-flow wp-block-post-template-is-layout-flow\"><li class=\"wp-block-post post-898 post type-post status-publish format-standard hentry category-tramites-servicios\"><\/li><li class=\"wp-block-post post-292 post type-post status-publish format-standard has-post-thumbnail hentry category-plantillas\"><\/li><\/ul><\/div>\n\n\n<div class=\"is-style-boxed wp-block-themeisle-blocks-posts-grid\" id=\"wp-block-themeisle-blocks-posts-grid-dbd4fbcf\"><div class=\"is-grid o-posts-grid-columns-5\"><div class=\"o-posts-grid-post-blog o-posts-grid-post-plain\"><div class=\"o-posts-grid-post\"><div class=\"o-posts-grid-post-body is-full\"><span class=\"o-posts-grid-post-category\"><a href=\"https:\/\/jocotitlan.gob.mx\/dif\/category\/tramites-servicios\/\">Tramites y Servicios<\/a><\/span><h4 class=\"o-posts-grid-post-title\"><a href=\"https:\/\/jocotitlan.gob.mx\/dif\/platicas-talleres-y-jornadas-de-prevencion-de-adicciones\/\">Platicas, talleres y jornadas de prevenci\u00f3n de adicciones<\/a><\/h4><p class=\"o-posts-grid-post-meta\">Posted on <time datetime=\"2025-06-10T16:16:46-06:00\">10 junio, 2025<\/time> by <a href=\"https:\/\/jocotitlan.gob.mx\/dif\/author\/dif\/\">DIF<\/a><\/p><div class=\"o-posts-grid-post-description\"><p>Platicas, talleres y jornadas de prevenci\u00f3n de adicciones Promoci\u00f3n de la prevenci\u00f3n de adicciones a\u2026<\/p><\/div><\/div><\/div><\/div><div class=\"o-posts-grid-post-blog o-posts-grid-post-plain\"><div class=\"o-posts-grid-post\"><div class=\"o-posts-grid-post-image\"><a href=\"https:\/\/jocotitlan.gob.mx\/dif\/plantilla_tys\/\"><img fetchpriority=\"high\" decoding=\"async\" width=\"1200\" height=\"1200\" src=\"https:\/\/jocotitlan.gob.mx\/dif\/wp-content\/uploads\/2025\/04\/Familia.png\" class=\"attachment-full size-full\" alt=\"Plantilla\" \/><\/a><\/div><div class=\"o-posts-grid-post-body\"><span class=\"o-posts-grid-post-category\"><a href=\"https:\/\/jocotitlan.gob.mx\/dif\/category\/plantillas\/\">Platillas<\/a><\/span><h4 class=\"o-posts-grid-post-title\"><a href=\"https:\/\/jocotitlan.gob.mx\/dif\/plantilla_tys\/\">Plantilla<\/a><\/h4><p class=\"o-posts-grid-post-meta\">Posted on <time datetime=\"2025-05-29T13:49:32-06:00\">29 mayo, 2025<\/time> by <a href=\"https:\/\/jocotitlan.gob.mx\/dif\/author\/dif\/\">DIF<\/a><\/p><div class=\"o-posts-grid-post-description\"><p>Platicas, talleres y jornadas de prevenci\u00f3n de adicciones Promoci\u00f3n de la prevenci\u00f3n de adicciones a\u2026<\/p><\/div><\/div><\/div><\/div><\/div> <\/div>","protected":false},"excerpt":{"rendered":"","protected":false},"author":1,"featured_media":0,"parent":0,"menu_order":0,"comment_status":"closed","ping_status":"closed","template":"","meta":{"site-sidebar-layout":"no-sidebar","site-content-layout":"","ast-site-content-layout":"full-width-container","site-content-style":"default","site-sidebar-style":"default","ast-global-header-display":"","ast-banner-title-visibility":"","ast-main-header-display":"","ast-hfb-above-header-display":"","ast-hfb-below-header-display":"","ast-hfb-mobile-header-display":"","site-post-title":"disabled","ast-breadcrumbs-content":"","ast-featured-img":"disabled","footer-sml-layout":"disabled","ast-disable-related-posts":"","theme-transparent-header-meta":"","adv-header-id-meta":"","stick-header-meta":"","header-above-stick-meta":"","header-main-stick-meta":"","header-below-stick-meta":"","astra-migrate-meta-layouts":"default","ast-page-background-enabled":"default","ast-page-background-meta":{"desktop":{"background-color":"var(--ast-global-color-5)","background-image":"","background-repeat":"repeat","background-position":"center center","background-size":"auto","background-attachment":"scroll","background-type":"","background-media":"","overlay-type":"","overlay-color":"","overlay-opacity":"","overlay-gradient":""},"tablet":{"background-color":"","background-image":"","background-repeat":"repeat","background-position":"center center","background-size":"auto","background-attachment":"scroll","background-type":"","background-media":"","overlay-type":"","overlay-color":"","overlay-opacity":"","overlay-gradient":""},"mobile":{"background-color":"","background-image":"","background-repeat":"repeat","background-position":"center center","background-size":"auto","background-attachment":"scroll","background-type":"","background-media":"","overlay-type":"","overlay-color":"","overlay-opacity":"","overlay-gradient":""}},"ast-content-background-meta":{"desktop":{"background-color":"var(--ast-global-color-4)","background-image":"","background-repeat":"repeat","background-position":"center center","background-size":"auto","background-attachment":"scroll","background-type":"","background-media":"","overlay-type":"","overlay-color":"","overlay-opacity":"","overlay-gradient":""},"tablet":{"background-color":"var(--ast-global-color-4)","background-image":"","background-repeat":"repeat","background-position":"center center","background-size":"auto","background-attachment":"scroll","background-type":"","background-media":"","overlay-type":"","overlay-color":"","overlay-opacity":"","overlay-gradient":""},"mobile":{"background-color":"var(--ast-global-color-4)","background-image":"","background-repeat":"repeat","background-position":"center center","background-size":"auto","background-attachment":"scroll","background-type":"","background-media":"","overlay-type":"","overlay-color":"","overlay-opacity":"","overlay-gradient":""}},"_themeisle_gutenberg_block_has_review":false,"footnotes":""},"class_list":["post-179","page","type-page","status-publish","hentry"],"_links":{"self":[{"href":"https:\/\/jocotitlan.gob.mx\/dif\/wp-json\/wp\/v2\/pages\/179","targetHints":{"allow":["GET"]}}],"collection":[{"href":"https:\/\/jocotitlan.gob.mx\/dif\/wp-json\/wp\/v2\/pages"}],"about":[{"href":"https:\/\/jocotitlan.gob.mx\/dif\/wp-json\/wp\/v2\/types\/page"}],"author":[{"embeddable":true,"href":"https:\/\/jocotitlan.gob.mx\/dif\/wp-json\/wp\/v2\/users\/1"}],"replies":[{"embeddable":true,"href":"https:\/\/jocotitlan.gob.mx\/dif\/wp-json\/wp\/v2\/comments?post=179"}],"version-history":[{"count":18,"href":"https:\/\/jocotitlan.gob.mx\/dif\/wp-json\/wp\/v2\/pages\/179\/revisions"}],"predecessor-version":[{"id":904,"href":"https:\/\/jocotitlan.gob.mx\/dif\/wp-json\/wp\/v2\/pages\/179\/revisions\/904"}],"wp:attachment":[{"href":"https:\/\/jocotitlan.gob.mx\/dif\/wp-json\/wp\/v2\/media?parent=179"}],"curies":[{"name":"wp","href":"https:\/\/api.w.org\/{rel}","templated":true}]}}