{"id":9,"date":"2025-04-28T11:55:44","date_gmt":"2025-04-28T17:55:44","guid":{"rendered":"https:\/\/jocotitlan.gob.mx\/dif\/?page_id=9"},"modified":"2026-03-11T13:57:10","modified_gmt":"2026-03-11T19:57:10","slug":"inicio","status":"publish","type":"page","link":"https:\/\/jocotitlan.gob.mx\/dif\/","title":{"rendered":"Inicio"},"content":{"rendered":"\t\t<div data-elementor-type=\"wp-page\" data-elementor-id=\"9\" class=\"elementor elementor-9\">\n\t\t\t\t<div class=\"elementor-element elementor-element-8bc1ac7 e-con-full e-flex e-con e-parent\" data-id=\"8bc1ac7\" data-element_type=\"container\" data-e-type=\"container\" data-settings=\"{&quot;background_background&quot;:&quot;classic&quot;}\">\n\t\t\t\t<div class=\"elementor-element elementor-element-fd8dda1 elementor-position-left elementor-vertical-align-middle elementor-widget elementor-widget-image-box\" data-id=\"fd8dda1\" data-element_type=\"widget\" data-e-type=\"widget\" data-widget_type=\"image-box.default\">\n\t\t\t\t<div class=\"elementor-widget-container\">\n\t\t\t\t\t<div class=\"elementor-image-box-wrapper\"><figure class=\"elementor-image-box-img\"><img fetchpriority=\"high\" decoding=\"async\" width=\"1200\" height=\"1200\" src=\"https:\/\/jocotitlan.gob.mx\/dif\/wp-content\/uploads\/2025\/04\/Familia.png\" class=\"attachment-full size-full wp-image-48\" alt=\"\" \/><\/figure><div class=\"elementor-image-box-content\"><h3 class=\"elementor-image-box-title\">Fortaleciendo familias<br>Transformando vidas<\/h3><p class=\"elementor-image-box-description\">Trabajamos para mejorar la calidad de vida de los Jocotitlenses<\/p><\/div><\/div>\t\t\t\t<\/div>\n\t\t\t\t<\/div>\n\t\t\t\t<\/div>\n\t\t<div class=\"elementor-element elementor-element-d9cca6c e-flex e-con-boxed e-con e-parent\" data-id=\"d9cca6c\" data-element_type=\"container\" data-e-type=\"container\">\n\t\t\t\t\t<div class=\"e-con-inner\">\n\t\t\t\t<div class=\"elementor-element elementor-element-b6d352b elementor-widget elementor-widget-heading\" data-id=\"b6d352b\" data-element_type=\"widget\" data-e-type=\"widget\" data-widget_type=\"heading.default\">\n\t\t\t\t<div class=\"elementor-widget-container\">\n\t\t\t\t\t<h1 class=\"elementor-heading-title elementor-size-default\">DIF<\/h1>\t\t\t\t<\/div>\n\t\t\t\t<\/div>\n\t\t\t\t\t<\/div>\n\t\t\t\t<\/div>\n\t\t<div class=\"elementor-element elementor-element-4cd0c24 e-flex e-con-boxed e-con e-parent\" data-id=\"4cd0c24\" data-element_type=\"container\" data-e-type=\"container\">\n\t\t\t\t\t<div class=\"e-con-inner\">\n\t\t\t\t<div class=\"elementor-element elementor-element-6f4a1db elementor-widget elementor-widget-text-editor\" data-id=\"6f4a1db\" data-element_type=\"widget\" data-e-type=\"widget\" data-widget_type=\"text-editor.default\">\n\t\t\t\t<div class=\"elementor-widget-container\">\n\t\t\t\t\t\t\t\t\t<h5 style=\"text-align: center;\"><span style=\"color: #333333;\">En el Sistema Municipal DIF Jocotitl\u00e1n trabajamos todos los d\u00edas para mejorar la calidad de vida de las familias de nuestro municipio. A trav\u00e9s de acciones con sentido humano, brindamos atenci\u00f3n y apoyo a quienes m\u00e1s lo necesitan, especialmente a ni\u00f1as, ni\u00f1os, adolescentes, personas adultas mayores y personas con discapacidad.<\/span><\/h5>\t\t\t\t\t\t\t\t<\/div>\n\t\t\t\t<\/div>\n\t\t\t\t\t<\/div>\n\t\t\t\t<\/div>\n\t\t<div class=\"elementor-element elementor-element-7d9ed04 e-flex e-con-boxed e-con e-parent\" data-id=\"7d9ed04\" data-element_type=\"container\" data-e-type=\"container\">\n\t\t\t\t\t<div class=\"e-con-inner\">\n\t\t\t\t<div class=\"elementor-element elementor-element-12a9df0 elementor-arrows-position-outside elementor-pagination-position-outside elementor-widget elementor-widget-image-carousel\" data-id=\"12a9df0\" data-element_type=\"widget\" data-e-type=\"widget\" data-settings=\"{&quot;slides_to_show&quot;:&quot;3&quot;,&quot;slides_to_scroll&quot;:&quot;1&quot;,&quot;image_spacing_custom&quot;:{&quot;unit&quot;:&quot;px&quot;,&quot;size&quot;:50,&quot;sizes&quot;:[]},&quot;_animation&quot;:&quot;none&quot;,&quot;slides_to_show_mobile&quot;:&quot;1&quot;,&quot;navigation&quot;:&quot;both&quot;,&quot;autoplay&quot;:&quot;yes&quot;,&quot;pause_on_hover&quot;:&quot;yes&quot;,&quot;pause_on_interaction&quot;:&quot;yes&quot;,&quot;autoplay_speed&quot;:5000,&quot;infinite&quot;:&quot;yes&quot;,&quot;speed&quot;:500,&quot;image_spacing_custom_tablet&quot;:{&quot;unit&quot;:&quot;px&quot;,&quot;size&quot;:&quot;&quot;,&quot;sizes&quot;:[]}}\" data-widget_type=\"image-carousel.default\">\n\t\t\t\t<div class=\"elementor-widget-container\">\n\t\t\t\t\t\t\t<div class=\"elementor-image-carousel-wrapper swiper\" role=\"region\" aria-roledescription=\"carousel\" aria-label=\"Carrusel de Im\u00e1genes\" dir=\"ltr\">\n\t\t\t<div class=\"elementor-image-carousel swiper-wrapper\" aria-live=\"off\">\n\t\t\t\t\t\t\t\t<div class=\"swiper-slide\" role=\"group\" aria-roledescription=\"slide\" aria-label=\"1 de 10\"><figure class=\"swiper-slide-inner\"><img decoding=\"async\" class=\"swiper-slide-image\" src=\"https:\/\/jocotitlan.gob.mx\/dif\/wp-content\/uploads\/2026\/02\/640574958_122161187114716866_5080910732423458793_n.jpg\" alt=\"640574958_122161187114716866_5080910732423458793_n\" \/><\/figure><\/div><div class=\"swiper-slide\" role=\"group\" aria-roledescription=\"slide\" aria-label=\"2 de 10\"><figure class=\"swiper-slide-inner\"><img decoding=\"async\" class=\"swiper-slide-image\" src=\"https:\/\/jocotitlan.gob.mx\/dif\/wp-content\/uploads\/2026\/02\/641488402_122161187156716866_3812307383570831659_n.jpg\" alt=\"641488402_122161187156716866_3812307383570831659_n\" \/><\/figure><\/div><div class=\"swiper-slide\" role=\"group\" aria-roledescription=\"slide\" aria-label=\"3 de 10\"><figure class=\"swiper-slide-inner\"><img decoding=\"async\" class=\"swiper-slide-image\" src=\"https:\/\/jocotitlan.gob.mx\/dif\/wp-content\/uploads\/2026\/02\/642394859_122161187198716866_4675676627161401702_n.jpg\" alt=\"642394859_122161187198716866_4675676627161401702_n\" \/><\/figure><\/div><div class=\"swiper-slide\" role=\"group\" aria-roledescription=\"slide\" aria-label=\"4 de 10\"><figure class=\"swiper-slide-inner\"><img decoding=\"async\" class=\"swiper-slide-image\" src=\"https:\/\/jocotitlan.gob.mx\/dif\/wp-content\/uploads\/2026\/02\/641289366_122161187240716866_8641266702940443584_n.jpg\" alt=\"641289366_122161187240716866_8641266702940443584_n\" \/><\/figure><\/div><div class=\"swiper-slide\" role=\"group\" aria-roledescription=\"slide\" aria-label=\"5 de 10\"><figure class=\"swiper-slide-inner\"><img decoding=\"async\" class=\"swiper-slide-image\" src=\"https:\/\/jocotitlan.gob.mx\/dif\/wp-content\/uploads\/2026\/02\/641413918_122161188788716866_9184285669915752911_n.jpg\" alt=\"641413918_122161188788716866_9184285669915752911_n\" \/><\/figure><\/div><div class=\"swiper-slide\" role=\"group\" aria-roledescription=\"slide\" aria-label=\"6 de 10\"><figure class=\"swiper-slide-inner\"><img decoding=\"async\" class=\"swiper-slide-image\" src=\"https:\/\/jocotitlan.gob.mx\/dif\/wp-content\/uploads\/2026\/02\/641475271_122161187282716866_2630701668348629852_n.jpg\" alt=\"641475271_122161187282716866_2630701668348629852_n\" \/><\/figure><\/div><div class=\"swiper-slide\" role=\"group\" aria-roledescription=\"slide\" aria-label=\"7 de 10\"><figure class=\"swiper-slide-inner\"><img decoding=\"async\" class=\"swiper-slide-image\" src=\"https:\/\/jocotitlan.gob.mx\/dif\/wp-content\/uploads\/2026\/02\/641436943_122161187324716866_1551771256642150312_n.jpg\" alt=\"641436943_122161187324716866_1551771256642150312_n\" \/><\/figure><\/div><div class=\"swiper-slide\" role=\"group\" aria-roledescription=\"slide\" aria-label=\"8 de 10\"><figure class=\"swiper-slide-inner\"><img decoding=\"async\" class=\"swiper-slide-image\" src=\"https:\/\/jocotitlan.gob.mx\/dif\/wp-content\/uploads\/2026\/02\/641422274_122161187366716866_3837320628688282367_n.jpg\" alt=\"641422274_122161187366716866_3837320628688282367_n\" \/><\/figure><\/div><div class=\"swiper-slide\" role=\"group\" aria-roledescription=\"slide\" aria-label=\"9 de 10\"><figure class=\"swiper-slide-inner\"><img decoding=\"async\" class=\"swiper-slide-image\" src=\"https:\/\/jocotitlan.gob.mx\/dif\/wp-content\/uploads\/2026\/02\/641203299_122161187414716866_4453629398311240804_n.jpg\" alt=\"641203299_122161187414716866_4453629398311240804_n\" \/><\/figure><\/div><div class=\"swiper-slide\" role=\"group\" aria-roledescription=\"slide\" aria-label=\"10 de 10\"><figure class=\"swiper-slide-inner\"><img decoding=\"async\" class=\"swiper-slide-image\" src=\"https:\/\/jocotitlan.gob.mx\/dif\/wp-content\/uploads\/2026\/02\/641188280_122161187462716866_8037792588346865998_n.jpg\" alt=\"641188280_122161187462716866_8037792588346865998_n\" \/><\/figure><\/div>\t\t\t<\/div>\n\t\t\t\t\t\t\t\t\t\t\t\t<div class=\"elementor-swiper-button elementor-swiper-button-prev\" role=\"button\" tabindex=\"0\">\n\t\t\t\t\t\t<svg aria-hidden=\"true\" class=\"e-font-icon-svg e-eicon-chevron-left\" viewBox=\"0 0 1000 1000\" xmlns=\"http:\/\/www.w3.org\/2000\/svg\"><path d=\"M646 125C629 125 613 133 604 142L308 442C296 454 292 471 292 487 292 504 296 521 308 533L604 854C617 867 629 875 646 875 663 875 679 871 692 858 704 846 713 829 713 812 713 796 708 779 692 767L438 487 692 225C700 217 708 204 708 187 708 171 704 154 692 142 675 129 663 125 646 125Z\"><\/path><\/svg>\t\t\t\t\t<\/div>\n\t\t\t\t\t<div class=\"elementor-swiper-button elementor-swiper-button-next\" role=\"button\" tabindex=\"0\">\n\t\t\t\t\t\t<svg aria-hidden=\"true\" class=\"e-font-icon-svg e-fas-angle-right\" viewBox=\"0 0 256 512\" xmlns=\"http:\/\/www.w3.org\/2000\/svg\"><path d=\"M224.3 273l-136 136c-9.4 9.4-24.6 9.4-33.9 0l-22.6-22.6c-9.4-9.4-9.4-24.6 0-33.9l96.4-96.4-96.4-96.4c-9.4-9.4-9.4-24.6 0-33.9L54.3 103c9.4-9.4 24.6-9.4 33.9 0l136 136c9.5 9.4 9.5 24.6.1 34z\"><\/path><\/svg>\t\t\t\t\t<\/div>\n\t\t\t\t\n\t\t\t\t\t\t\t\t\t<div class=\"swiper-pagination\"><\/div>\n\t\t\t\t\t\t\t\t\t<\/div>\n\t\t\t\t\t\t<\/div>\n\t\t\t\t<\/div>\n\t\t\t\t\t<\/div>\n\t\t\t\t<\/div>\n\t\t<div class=\"elementor-element elementor-element-7790433 e-flex e-con-boxed e-con e-parent\" data-id=\"7790433\" data-element_type=\"container\" data-e-type=\"container\" data-settings=\"{&quot;background_background&quot;:&quot;classic&quot;}\">\n\t\t\t\t\t<div class=\"e-con-inner\">\n\t\t<div class=\"elementor-element elementor-element-e0f99f7 e-con-full e-flex e-con e-child\" data-id=\"e0f99f7\" data-element_type=\"container\" data-e-type=\"container\" data-settings=\"{&quot;background_background&quot;:&quot;classic&quot;}\">\n\t\t<div class=\"elementor-element elementor-element-be67144 e-con-full e-flex e-con e-child\" data-id=\"be67144\" data-element_type=\"container\" data-e-type=\"container\">\n\t\t\t\t<div class=\"elementor-element elementor-element-b839f66 elementor-widget elementor-widget-heading\" data-id=\"b839f66\" data-element_type=\"widget\" data-e-type=\"widget\" data-widget_type=\"heading.default\">\n\t\t\t\t<div class=\"elementor-widget-container\">\n\t\t\t\t\t<h2 class=\"elementor-heading-title elementor-size-default\">Direcci\u00f3n<\/h2>\t\t\t\t<\/div>\n\t\t\t\t<\/div>\n\t\t\t\t<\/div>\n\t\t\t\t<div class=\"elementor-element elementor-element-ee27869 elementor-widget elementor-widget-text-editor\" data-id=\"ee27869\" data-element_type=\"widget\" data-e-type=\"widget\" data-widget_type=\"text-editor.default\">\n\t\t\t\t<div class=\"elementor-widget-container\">\n\t\t\t\t\t\t\t\t\t<p style=\"text-align: center;\">\u00a0 Estado de M\u00e9xico<\/p><p style=\"text-align: center;\">Jocotitl\u00e1n, CP. 50700<\/p><p style=\"text-align: center;\">Correo Electr\u00f3nico.<\/p><p style=\"text-align: center;\">dif@jocotitlan.gob.mx\u00a0 \u00a0 \u00a0 \u00a0 \u00a0<\/p><p style=\"text-align: center;\">N\u00famero de Contacto.<\/p><p style=\"text-align: center;\">7121230184\u00a0<\/p>\t\t\t\t\t\t\t\t<\/div>\n\t\t\t\t<\/div>\n\t\t\t\t<\/div>\n\t\t\t\t\t<\/div>\n\t\t\t\t<\/div>\n\t\t<div class=\"elementor-element elementor-element-cb7c56d e-flex e-con-boxed e-con e-parent\" data-id=\"cb7c56d\" data-element_type=\"container\" data-e-type=\"container\">\n\t\t\t\t\t<div class=\"e-con-inner\">\n\t\t\t\t<div class=\"elementor-element elementor-element-cae4413 elementor-widget elementor-widget-google_maps\" data-id=\"cae4413\" data-element_type=\"widget\" data-e-type=\"widget\" data-widget_type=\"google_maps.default\">\n\t\t\t\t<div class=\"elementor-widget-container\">\n\t\t\t\t\t\t\t<div class=\"elementor-custom-embed\">\n\t\t\t<iframe loading=\"lazy\"\n\t\t\t\t\tsrc=\"https:\/\/maps.google.com\/maps?q=DIF%20jocotitl%C3%A1n&#038;t=m&#038;z=10&#038;output=embed&#038;iwloc=near\"\n\t\t\t\t\ttitle=\"DIF jocotitl\u00e1n\"\n\t\t\t\t\taria-label=\"DIF jocotitl\u00e1n\"\n\t\t\t><\/iframe>\n\t\t<\/div>\n\t\t\t\t\t\t<\/div>\n\t\t\t\t<\/div>\n\t\t\t\t\t<\/div>\n\t\t\t\t<\/div>\n\t\t<div class=\"elementor-element elementor-element-bc27307 e-flex e-con-boxed e-con e-parent\" data-id=\"bc27307\" data-element_type=\"container\" data-e-type=\"container\" data-settings=\"{&quot;background_background&quot;:&quot;classic&quot;}\">\n\t\t\t\t\t<div class=\"e-con-inner\">\n\t\t\t\t<div class=\"elementor-element elementor-element-e3cffd0 elementor-widget elementor-widget-heading\" data-id=\"e3cffd0\" data-element_type=\"widget\" data-e-type=\"widget\" data-widget_type=\"heading.default\">\n\t\t\t\t<div class=\"elementor-widget-container\">\n\t\t\t\t\t<h2 class=\"elementor-heading-title elementor-size-default\">Redes Sociales Oficiales<\/h2>\t\t\t\t<\/div>\n\t\t\t\t<\/div>\n\t\t\t\t\t<\/div>\n\t\t\t\t<\/div>\n\t\t<div class=\"elementor-element elementor-element-9e09d0c e-flex e-con-boxed e-con e-parent\" data-id=\"9e09d0c\" data-element_type=\"container\" data-e-type=\"container\">\n\t\t\t\t\t<div class=\"e-con-inner\">\n\t\t\t\t<div class=\"elementor-element elementor-element-bccf36d elementor-widget__width-initial elementor-widget elementor-widget-html\" data-id=\"bccf36d\" data-element_type=\"widget\" data-e-type=\"widget\" data-widget_type=\"html.default\">\n\t\t\t\t<div class=\"elementor-widget-container\">\n\t\t\t\t\t<!DOCTYPE html>\r\n<html lang=\"es\">\r\n<head>\r\n    <meta charset=\"UTF-8\">\r\n    <meta name=\"viewport\" content=\"width=device-width, initial-scale=2.0\">\r\n    <title>DIF Jocotitl\u00e1n - verticalal<\/title>\r\n    <link rel=\"stylesheet\" href=\"https:\/\/cdn.jsdelivr.net\/gh\/ajcr1611\/css\/SmartPhone_9-19.css\">\r\n    <link rel=\"stylesheet\" href=\"https:\/\/cdnjs.cloudflare.com\/ajax\/libs\/font-awesome\/6.0.0\/css\/all.min.css\">\r\n    \r\n    <style>\r\n        * {\r\n            margin: 0;\r\n            padding: 0;\r\n            box-sizing: border-box;\r\n        }\r\n\r\n        \/* El mockup del smartphone ahora est\u00e1 rotado pero el contenido NO *\/\r\n        .smartphone-mockup {\r\n            position: relative;\r\n            width: 3000px;\r\n            height: 800px;\r\n            transform: rotate(-90deg);\r\n            transform-origin: center;\r\n        }\r\n\r\n        \/* El contenido DENTRO del smartphone se contrarrota para que se vea vertical *\/\r\n        .phone-screen {\r\n            transform: rotate(90deg);\r\n            width: 750px;\r\n            height: 400px;\r\n            position: absolute;\r\n            top: 0;\r\n            left: 0;\r\n            transform-origin: 190px 213px; \/* Centro del contenedor *\/\r\n        }\r\n    <\/style>\r\n<\/head>\r\n<body>\r\n    <div class=\"floating-shape shape1\"><\/div>\r\n    <div class=\"floating-shape shape2\"><\/div>\r\n\r\n    <div class=\"phone-container\">\r\n        <div id=\"fb-root\"><\/div>\r\n        <script async defer crossorigin=\"anonymous\" src=\"https:\/\/connect.facebook.net\/es_ES\/sdk.js#xfbml=1&version=v25.0&appId=APP_ID\"><\/script>\r\n\r\n        <div class=\"smartphone-mockup\">\r\n        <div class=\"\">\r\n            <\/div>\r\n\r\n            <div class=\"phone-screen\">\r\n                <div class=\"app-header\">\r\n                    <div class=\"status-bar\">\r\n                        <span>12:30<\/span>\r\n                        <div class=\"icons\">\r\n                            <i class=\"fas fa-signal\"><\/i>\r\n                            <i class=\"fas fa-wifi\"><\/i>\r\n                            <i class=\"fas fa-battery-full\"><\/i>\r\n                        <\/div>\r\n                    <\/div>\r\n                    <div class=\"app-nav\">\r\n                        <div class=\"profile-info\">\r\n                            <div class=\"profile-pic\">\r\n                                <i class=\"fas fa-landmark\"><\/i> \r\n                            <\/div>\r\n                            <div class=\"profile-text\">\r\n                                <h4>DIF Jocotitl\u00e1n 2025-2027<\/h4>\r\n                                <span class=\"status-dot\"><\/span> <small>Jocotitl\u00e1n, M\u00e9x.<\/small>\r\n                            <\/div>\r\n                        <\/div>\r\n                        <a href=\"https:\/\/www.facebook.com\/profile.php?id=61571505989627\" target=\"_blank\" class=\"fb-btn\">\r\n                            Seguir\r\n                        <\/a>\r\n                    <\/div>\r\n                <\/div>\r\n\r\n                <div class=\"fb-content-wrapper\">\r\n                    <div class=\"fb-page\" \r\n                        data-href=\"https:\/\/www.facebook.com\/profile.php?id=61571505989627\" \r\n                        data-tabs=\"timeline\" \r\n                        data-width=\"700\" \r\n                        data-height=\"800\" \r\n                        data-small-header=\"true\" \r\n                        data-adapt-container-width=\"true\" \r\n                        data-hide-cover=\"true\" \r\n                        data-show-facepile=\"false\">\r\n                        <blockquote cite=\"https:\/\/www.facebook.com\/profile.php?id=61571505989627\" class=\"fb-xfbml-parse-ignore\">\r\n                            <a href=\"https:\/\/www.facebook.com\/profile.php?id=61571505989627\">Ayuntamiento Jocotitl\u00e1n<\/a>\r\n                        <\/blockquote>\r\n                    <\/div>\r\n                <\/div>\r\n                \r\n                <div class=\"app-bottom-nav\">\r\n                    <div class=\"nav-item active\"><i class=\"fas fa-home\"><\/i><\/div>\r\n                    <div class=\"nav-item\"><i class=\"fas fa-search\"><\/i><\/div>\r\n                    <div class=\"nav-item\"><i class=\"fas fa-bell\"><\/i><\/div>\r\n                    <div class=\"nav-item\"><i class=\"fas fa-bars\"><\/i><\/div>\r\n                <\/div>\r\n            <\/div>\r\n        <\/div>\r\n    <\/div>\r\n<\/body>\r\n<\/html>\t\t\t\t<\/div>\n\t\t\t\t<\/div>\n\t\t\t\t\t<\/div>\n\t\t\t\t<\/div>\n\t\t<div class=\"elementor-element elementor-element-0ac26ec e-flex e-con-boxed e-con e-parent\" data-id=\"0ac26ec\" data-element_type=\"container\" data-e-type=\"container\">\n\t\t\t\t\t<div class=\"e-con-inner\">\n\t\t\t\t<div class=\"elementor-element elementor-element-06ba23c elementor-shape-circle elementor-grid-2 elementor-widget__width-initial e-grid-align-center elementor-widget elementor-widget-social-icons\" data-id=\"06ba23c\" data-element_type=\"widget\" data-e-type=\"widget\" data-widget_type=\"social-icons.default\">\n\t\t\t\t<div class=\"elementor-widget-container\">\n\t\t\t\t\t\t\t<div class=\"elementor-social-icons-wrapper elementor-grid\" role=\"list\">\n\t\t\t\t\t\t\t<span class=\"elementor-grid-item\" role=\"listitem\">\n\t\t\t\t\t<a class=\"elementor-icon elementor-social-icon elementor-social-icon-facebook elementor-repeater-item-04af37e\" href=\"https:\/\/www.facebook.com\/share\/1CFxP5384x\/?mibextid=wwXIfr\" target=\"_blank\">\n\t\t\t\t\t\t<span class=\"elementor-screen-only\">Facebook<\/span>\n\t\t\t\t\t\t<svg aria-hidden=\"true\" class=\"e-font-icon-svg e-fab-facebook\" viewBox=\"0 0 512 512\" xmlns=\"http:\/\/www.w3.org\/2000\/svg\"><path d=\"M504 256C504 119 393 8 256 8S8 119 8 256c0 123.78 90.69 226.38 209.25 245V327.69h-63V256h63v-54.64c0-62.15 37-96.48 93.67-96.48 27.14 0 55.52 4.84 55.52 4.84v61h-31.28c-30.8 0-40.41 19.12-40.41 38.73V256h68.78l-11 71.69h-57.78V501C413.31 482.38 504 379.78 504 256z\"><\/path><\/svg>\t\t\t\t\t<\/a>\n\t\t\t\t<\/span>\n\t\t\t\t\t\t\t<span class=\"elementor-grid-item\" role=\"listitem\">\n\t\t\t\t\t<a class=\"elementor-icon elementor-social-icon elementor-social-icon-instagram elementor-repeater-item-3a25890\" href=\"https:\/\/www.instagram.com\/dif.joco?igsh=Y3Nmd3ZmcWxma2Fn\" target=\"_blank\">\n\t\t\t\t\t\t<span class=\"elementor-screen-only\">Instagram<\/span>\n\t\t\t\t\t\t<svg aria-hidden=\"true\" class=\"e-font-icon-svg e-fab-instagram\" viewBox=\"0 0 448 512\" xmlns=\"http:\/\/www.w3.org\/2000\/svg\"><path d=\"M224.1 141c-63.6 0-114.9 51.3-114.9 114.9s51.3 114.9 114.9 114.9S339 319.5 339 255.9 287.7 141 224.1 141zm0 189.6c-41.1 0-74.7-33.5-74.7-74.7s33.5-74.7 74.7-74.7 74.7 33.5 74.7 74.7-33.6 74.7-74.7 74.7zm146.4-194.3c0 14.9-12 26.8-26.8 26.8-14.9 0-26.8-12-26.8-26.8s12-26.8 26.8-26.8 26.8 12 26.8 26.8zm76.1 27.2c-1.7-35.9-9.9-67.7-36.2-93.9-26.2-26.2-58-34.4-93.9-36.2-37-2.1-147.9-2.1-184.9 0-35.8 1.7-67.6 9.9-93.9 36.1s-34.4 58-36.2 93.9c-2.1 37-2.1 147.9 0 184.9 1.7 35.9 9.9 67.7 36.2 93.9s58 34.4 93.9 36.2c37 2.1 147.9 2.1 184.9 0 35.9-1.7 67.7-9.9 93.9-36.2 26.2-26.2 34.4-58 36.2-93.9 2.1-37 2.1-147.8 0-184.8zM398.8 388c-7.8 19.6-22.9 34.7-42.6 42.6-29.5 11.7-99.5 9-132.1 9s-102.7 2.6-132.1-9c-19.6-7.8-34.7-22.9-42.6-42.6-11.7-29.5-9-99.5-9-132.1s-2.6-102.7 9-132.1c7.8-19.6 22.9-34.7 42.6-42.6 29.5-11.7 99.5-9 132.1-9s102.7-2.6 132.1 9c19.6 7.8 34.7 22.9 42.6 42.6 11.7 29.5 9 99.5 9 132.1s2.7 102.7-9 132.1z\"><\/path><\/svg>\t\t\t\t\t<\/a>\n\t\t\t\t<\/span>\n\t\t\t\t\t<\/div>\n\t\t\t\t\t\t<\/div>\n\t\t\t\t<\/div>\n\t\t\t\t\t<\/div>\n\t\t\t\t<\/div>\n\t\t<div class=\"elementor-element elementor-element-9c0ae6c e-flex e-con-boxed e-con e-parent\" data-id=\"9c0ae6c\" data-element_type=\"container\" data-e-type=\"container\" data-settings=\"{&quot;background_background&quot;:&quot;classic&quot;}\">\n\t\t\t\t\t<div class=\"e-con-inner\">\n\t\t\t\t\t<\/div>\n\t\t\t\t<\/div>\n\t\t\t\t<\/div>\n\t\t","protected":false},"excerpt":{"rendered":"<p>Fortaleciendo familiasTransformando vidas Trabajamos para mejorar la calidad de vida de los Jocotitlenses DIF En el Sistema Municipal DIF Jocotitl\u00e1n [&hellip;]<\/p>\n","protected":false},"author":1,"featured_media":12,"parent":0,"menu_order":0,"comment_status":"closed","ping_status":"closed","template":"","meta":{"site-sidebar-layout":"no-sidebar","site-content-layout":"plain-container","ast-site-content-layout":"full-width-container","site-content-style":"default","site-sidebar-style":"unboxed","ast-global-header-display":"","ast-banner-title-visibility":"","ast-main-header-display":"","ast-hfb-above-header-display":"","ast-hfb-below-header-display":"","ast-hfb-mobile-header-display":"","site-post-title":"disabled","ast-breadcrumbs-content":"","ast-featured-img":"disabled","footer-sml-layout":"disabled","ast-disable-related-posts":"","theme-transparent-header-meta":"enabled","adv-header-id-meta":"","stick-header-meta":"","header-above-stick-meta":"","header-main-stick-meta":"","header-below-stick-meta":"","astra-migrate-meta-layouts":"default","ast-page-background-enabled":"default","ast-page-background-meta":{"desktop":{"background-color":"var(--ast-global-color-5)","background-image":"","background-repeat":"repeat","background-position":"center center","background-size":"auto","background-attachment":"scroll","background-type":"","background-media":"","overlay-type":"","overlay-color":"","overlay-opacity":"","overlay-gradient":""},"tablet":{"background-color":"","background-image":"","background-repeat":"repeat","background-position":"center center","background-size":"auto","background-attachment":"scroll","background-type":"","background-media":"","overlay-type":"","overlay-color":"","overlay-opacity":"","overlay-gradient":""},"mobile":{"background-color":"","background-image":"","background-repeat":"repeat","background-position":"center center","background-size":"auto","background-attachment":"scroll","background-type":"","background-media":"","overlay-type":"","overlay-color":"","overlay-opacity":"","overlay-gradient":""}},"ast-content-background-meta":{"desktop":{"background-color":"var(--ast-global-color-4)","background-image":"","background-repeat":"repeat","background-position":"center center","background-size":"auto","background-attachment":"scroll","background-type":"","background-media":"","overlay-type":"","overlay-color":"","overlay-opacity":"","overlay-gradient":""},"tablet":{"background-color":"var(--ast-global-color-4)","background-image":"","background-repeat":"repeat","background-position":"center center","background-size":"auto","background-attachment":"scroll","background-type":"","background-media":"","overlay-type":"","overlay-color":"","overlay-opacity":"","overlay-gradient":""},"mobile":{"background-color":"var(--ast-global-color-4)","background-image":"","background-repeat":"repeat","background-position":"center center","background-size":"auto","background-attachment":"scroll","background-type":"","background-media":"","overlay-type":"","overlay-color":"","overlay-opacity":"","overlay-gradient":""}},"_themeisle_gutenberg_block_has_review":false,"footnotes":""},"class_list":["post-9","page","type-page","status-publish","has-post-thumbnail","hentry"],"_links":{"self":[{"href":"https:\/\/jocotitlan.gob.mx\/dif\/wp-json\/wp\/v2\/pages\/9","targetHints":{"allow":["GET"]}}],"collection":[{"href":"https:\/\/jocotitlan.gob.mx\/dif\/wp-json\/wp\/v2\/pages"}],"about":[{"href":"https:\/\/jocotitlan.gob.mx\/dif\/wp-json\/wp\/v2\/types\/page"}],"author":[{"embeddable":true,"href":"https:\/\/jocotitlan.gob.mx\/dif\/wp-json\/wp\/v2\/users\/1"}],"replies":[{"embeddable":true,"href":"https:\/\/jocotitlan.gob.mx\/dif\/wp-json\/wp\/v2\/comments?post=9"}],"version-history":[{"count":197,"href":"https:\/\/jocotitlan.gob.mx\/dif\/wp-json\/wp\/v2\/pages\/9\/revisions"}],"predecessor-version":[{"id":1082,"href":"https:\/\/jocotitlan.gob.mx\/dif\/wp-json\/wp\/v2\/pages\/9\/revisions\/1082"}],"wp:featuredmedia":[{"embeddable":true,"href":"https:\/\/jocotitlan.gob.mx\/dif\/wp-json\/wp\/v2\/media\/12"}],"wp:attachment":[{"href":"https:\/\/jocotitlan.gob.mx\/dif\/wp-json\/wp\/v2\/media?parent=9"}],"curies":[{"name":"wp","href":"https:\/\/api.w.org\/{rel}","templated":true}]}}