{"id":977,"date":"2025-10-08T10:23:11","date_gmt":"2025-10-08T16:23:11","guid":{"rendered":"https:\/\/jocotitlan.gob.mx\/turismo\/?page_id=977"},"modified":"2025-10-10T11:54:17","modified_gmt":"2025-10-10T17:54:17","slug":"atracciones-naturales-y-culturales","status":"publish","type":"page","link":"https:\/\/jocotitlan.gob.mx\/turismo\/?page_id=977","title":{"rendered":"Atracciones Naturales y Culturales"},"content":{"rendered":"\t\t<div data-elementor-type=\"wp-page\" data-elementor-id=\"977\" class=\"elementor elementor-977\">\n\t\t\t\t<div class=\"elementor-element elementor-element-f70eaa2 e-flex e-con-boxed e-con e-parent\" data-id=\"f70eaa2\" data-element_type=\"container\">\n\t\t\t\t\t<div class=\"e-con-inner\">\n\t\t<div class=\"elementor-element elementor-element-652b7e2 e-grid e-con-full e-con e-child\" data-id=\"652b7e2\" data-element_type=\"container\">\n\t\t<div class=\"elementor-element elementor-element-5e38596 e-con-full e-flex e-con e-child\" data-id=\"5e38596\" data-element_type=\"container\">\n\t\t\t\t<div class=\"elementor-element elementor-element-5d9aad1 elementor-widget elementor-widget-image\" data-id=\"5d9aad1\" data-element_type=\"widget\" data-widget_type=\"image.default\">\n\t\t\t\t\t\t\t\t\t\t\t\t\t\t\t<img fetchpriority=\"high\" decoding=\"async\" width=\"1024\" height=\"576\" src=\"https:\/\/jocotitlan.gob.mx\/turismo\/wp-content\/uploads\/2025\/10\/IMG_1752-1.png\" class=\"attachment-large size-large wp-image-734\" alt=\"\" \/>\t\t\t\t\t\t\t\t\t\t\t\t\t\t\t<\/div>\n\t\t\t\t<\/div>\n\t\t<div class=\"elementor-element elementor-element-d7a3b27 e-con-full e-flex e-con e-child\" data-id=\"d7a3b27\" data-element_type=\"container\">\n\t\t\t\t<div class=\"elementor-element elementor-element-0677c02 elementor-widget elementor-widget-heading\" data-id=\"0677c02\" data-element_type=\"widget\" data-widget_type=\"heading.default\">\n\t\t\t\t\t<h2 class=\"elementor-heading-title elementor-size-default\">PARQUE ECOTURISTICO XOCOTEPETL<\/h2>\t\t\t\t<\/div>\n\t\t\t\t<div class=\"elementor-element elementor-element-3fd45df elementor-widget elementor-widget-text-editor\" data-id=\"3fd45df\" data-element_type=\"widget\" data-widget_type=\"text-editor.default\">\n\t\t\t\t\t\t\t\t\t<p>Ubicado en el Cerro Xocotepetl, puedes practicar actividades deportivas al aire libre, como senderismo, ciclismo de monta\u00f1a, adem\u00e1s cuenta con caba\u00f1as en renta y tubo hotel, un puente colgante, tirolesa, muro de escalar y puente tibetano, palapas y zona camping.<\/p>\t\t\t\t\t\t\t\t<\/div>\n\t\t\t\t<div class=\"elementor-element elementor-element-e235a2b elementor-widget elementor-widget-button\" data-id=\"e235a2b\" data-element_type=\"widget\" data-widget_type=\"button.default\">\n\t\t\t\t\t\t\t\t\t\t<a class=\"elementor-button elementor-button-link elementor-size-sm\" href=\"#\">\n\t\t\t\t\t\t<span class=\"elementor-button-content-wrapper\">\n\t\t\t\t\t\t<span class=\"elementor-button-icon\">\n\t\t\t\t<svg aria-hidden=\"true\" class=\"e-font-icon-svg e-far-arrow-alt-circle-right\" viewBox=\"0 0 512 512\" xmlns=\"http:\/\/www.w3.org\/2000\/svg\"><path d=\"M504 256C504 119 393 8 256 8S8 119 8 256s111 248 248 248 248-111 248-248zm-448 0c0-110.5 89.5-200 200-200s200 89.5 200 200-89.5 200-200 200S56 366.5 56 256zm72 20v-40c0-6.6 5.4-12 12-12h116v-67c0-10.7 12.9-16 20.5-8.5l99 99c4.7 4.7 4.7 12.3 0 17l-99 99c-7.6 7.6-20.5 2.2-20.5-8.5v-67H140c-6.6 0-12-5.4-12-12z\"><\/path><\/svg>\t\t\t<\/span>\n\t\t\t\t\t\t\t\t\t<span class=\"elementor-button-text\">Leer mas<\/span>\n\t\t\t\t\t<\/span>\n\t\t\t\t\t<\/a>\n\t\t\t\t\t\t\t\t<\/div>\n\t\t\t\t<\/div>\n\t\t\t\t<\/div>\n\t\t\t\t<div class=\"elementor-element elementor-element-8bcdd28 elementor-widget elementor-widget-spacer\" data-id=\"8bcdd28\" data-element_type=\"widget\" data-widget_type=\"spacer.default\">\n\t\t\t\t\t\t\t<div class=\"elementor-spacer\">\n\t\t\t<div class=\"elementor-spacer-inner\"><\/div>\n\t\t<\/div>\n\t\t\t\t\t\t<\/div>\n\t\t\t\t\t<\/div>\n\t\t\t\t<\/div>\n\t\t<div class=\"elementor-element elementor-element-38f0a5f e-flex e-con-boxed e-con e-parent\" data-id=\"38f0a5f\" data-element_type=\"container\">\n\t\t\t\t\t<div class=\"e-con-inner\">\n\t\t<div class=\"elementor-element elementor-element-17b27eb e-grid e-con-full e-con e-child\" data-id=\"17b27eb\" data-element_type=\"container\">\n\t\t<div class=\"elementor-element elementor-element-c41d304 e-con-full e-flex e-con e-child\" data-id=\"c41d304\" data-element_type=\"container\">\n\t\t\t\t<div class=\"elementor-element elementor-element-0e522c1 elementor-widget elementor-widget-heading\" data-id=\"0e522c1\" data-element_type=\"widget\" data-widget_type=\"heading.default\">\n\t\t\t\t\t<h2 class=\"elementor-heading-title elementor-size-default\">PARQUE ECOTURISTICO TIACAQUE<\/h2>\t\t\t\t<\/div>\n\t\t\t\t<div class=\"elementor-element elementor-element-a63a52d elementor-widget elementor-widget-text-editor\" data-id=\"a63a52d\" data-element_type=\"widget\" data-widget_type=\"text-editor.default\">\n\t\t\t\t\t\t\t\t\t<p>El Parque Acu\u00edcola se encuentra en la carretera Ixtlahuaca \u2013 Jilotepec a 10 km de la autopista, la cual cuenta con caba\u00f1as en renta, \u00e1reas verdes, \u00e1reas de camping, asadores, cultivo de trucha y paseos en lancha, en el restaurante campestre expenden alimentos end\u00e9micos de Jocotitl\u00e1n.<\/p>\t\t\t\t\t\t\t\t<\/div>\n\t\t\t\t<div class=\"elementor-element elementor-element-285fc93 elementor-widget elementor-widget-button\" data-id=\"285fc93\" data-element_type=\"widget\" data-widget_type=\"button.default\">\n\t\t\t\t\t\t\t\t\t\t<a class=\"elementor-button elementor-button-link elementor-size-sm\" href=\"#\">\n\t\t\t\t\t\t<span class=\"elementor-button-content-wrapper\">\n\t\t\t\t\t\t<span class=\"elementor-button-icon\">\n\t\t\t\t<svg aria-hidden=\"true\" class=\"e-font-icon-svg e-far-arrow-alt-circle-right\" viewBox=\"0 0 512 512\" xmlns=\"http:\/\/www.w3.org\/2000\/svg\"><path d=\"M504 256C504 119 393 8 256 8S8 119 8 256s111 248 248 248 248-111 248-248zm-448 0c0-110.5 89.5-200 200-200s200 89.5 200 200-89.5 200-200 200S56 366.5 56 256zm72 20v-40c0-6.6 5.4-12 12-12h116v-67c0-10.7 12.9-16 20.5-8.5l99 99c4.7 4.7 4.7 12.3 0 17l-99 99c-7.6 7.6-20.5 2.2-20.5-8.5v-67H140c-6.6 0-12-5.4-12-12z\"><\/path><\/svg>\t\t\t<\/span>\n\t\t\t\t\t\t\t\t\t<span class=\"elementor-button-text\">Leer mas<\/span>\n\t\t\t\t\t<\/span>\n\t\t\t\t\t<\/a>\n\t\t\t\t\t\t\t\t<\/div>\n\t\t\t\t<\/div>\n\t\t<div class=\"elementor-element elementor-element-20b52e1 e-con-full e-flex e-con e-child\" data-id=\"20b52e1\" data-element_type=\"container\">\n\t\t\t\t<div class=\"elementor-element elementor-element-c2353de elementor-widget elementor-widget-image\" data-id=\"c2353de\" data-element_type=\"widget\" data-widget_type=\"image.default\">\n\t\t\t\t\t\t\t\t\t\t\t\t\t\t\t<img decoding=\"async\" width=\"1024\" height=\"768\" src=\"https:\/\/jocotitlan.gob.mx\/turismo\/wp-content\/uploads\/2025\/10\/Tiacaque.jpg\" class=\"attachment-large size-large wp-image-501\" alt=\"\" \/>\t\t\t\t\t\t\t\t\t\t\t\t\t\t\t<\/div>\n\t\t\t\t<\/div>\n\t\t\t\t<\/div>\n\t\t\t\t<div class=\"elementor-element elementor-element-a4ecef7 elementor-widget elementor-widget-spacer\" data-id=\"a4ecef7\" data-element_type=\"widget\" data-widget_type=\"spacer.default\">\n\t\t\t\t\t\t\t<div class=\"elementor-spacer\">\n\t\t\t<div class=\"elementor-spacer-inner\"><\/div>\n\t\t<\/div>\n\t\t\t\t\t\t<\/div>\n\t\t\t\t\t<\/div>\n\t\t\t\t<\/div>\n\t\t<div class=\"elementor-element elementor-element-098ac21 e-flex e-con-boxed e-con e-parent\" data-id=\"098ac21\" data-element_type=\"container\">\n\t\t\t\t\t<div class=\"e-con-inner\">\n\t\t<div class=\"elementor-element elementor-element-0ac856b e-grid e-con-full e-con e-child\" data-id=\"0ac856b\" data-element_type=\"container\">\n\t\t<div class=\"elementor-element elementor-element-10908c2 e-con-full e-flex e-con e-child\" data-id=\"10908c2\" data-element_type=\"container\">\n\t\t\t\t<div class=\"elementor-element elementor-element-984c8d5 elementor-widget elementor-widget-image\" data-id=\"984c8d5\" data-element_type=\"widget\" data-widget_type=\"image.default\">\n\t\t\t\t\t\t\t\t\t\t\t\t\t\t\t<img decoding=\"async\" width=\"1024\" height=\"768\" src=\"https:\/\/jocotitlan.gob.mx\/turismo\/wp-content\/uploads\/2025\/10\/LAS-FUENTES-YECHE-6.png\" class=\"attachment-large size-large wp-image-1060\" alt=\"\" \/>\t\t\t\t\t\t\t\t\t\t\t\t\t\t\t<\/div>\n\t\t\t\t<\/div>\n\t\t<div class=\"elementor-element elementor-element-97de812 e-con-full e-flex e-con e-child\" data-id=\"97de812\" data-element_type=\"container\">\n\t\t\t\t<div class=\"elementor-element elementor-element-26c9457 elementor-widget elementor-widget-heading\" data-id=\"26c9457\" data-element_type=\"widget\" data-widget_type=\"heading.default\">\n\t\t\t\t\t<h2 class=\"elementor-heading-title elementor-size-default\">LAS FUENTES YECHE<\/h2>\t\t\t\t<\/div>\n\t\t\t\t<div class=\"elementor-element elementor-element-242e0b2 elementor-widget elementor-widget-text-editor\" data-id=\"242e0b2\" data-element_type=\"widget\" data-widget_type=\"text-editor.default\">\n\t\t\t\t\t\t\t\t\t<p>Manantial natural donde puedes convivir con familiares y amigos<\/p>\t\t\t\t\t\t\t\t<\/div>\n\t\t\t\t<div class=\"elementor-element elementor-element-4da1939 elementor-widget elementor-widget-button\" data-id=\"4da1939\" data-element_type=\"widget\" data-widget_type=\"button.default\">\n\t\t\t\t\t\t\t\t\t\t<a class=\"elementor-button elementor-button-link elementor-size-sm\" href=\"#\">\n\t\t\t\t\t\t<span class=\"elementor-button-content-wrapper\">\n\t\t\t\t\t\t<span class=\"elementor-button-icon\">\n\t\t\t\t<svg aria-hidden=\"true\" class=\"e-font-icon-svg e-far-arrow-alt-circle-right\" viewBox=\"0 0 512 512\" xmlns=\"http:\/\/www.w3.org\/2000\/svg\"><path d=\"M504 256C504 119 393 8 256 8S8 119 8 256s111 248 248 248 248-111 248-248zm-448 0c0-110.5 89.5-200 200-200s200 89.5 200 200-89.5 200-200 200S56 366.5 56 256zm72 20v-40c0-6.6 5.4-12 12-12h116v-67c0-10.7 12.9-16 20.5-8.5l99 99c4.7 4.7 4.7 12.3 0 17l-99 99c-7.6 7.6-20.5 2.2-20.5-8.5v-67H140c-6.6 0-12-5.4-12-12z\"><\/path><\/svg>\t\t\t<\/span>\n\t\t\t\t\t\t\t\t\t<span class=\"elementor-button-text\">Leer mas<\/span>\n\t\t\t\t\t<\/span>\n\t\t\t\t\t<\/a>\n\t\t\t\t\t\t\t\t<\/div>\n\t\t\t\t<\/div>\n\t\t\t\t<\/div>\n\t\t\t\t<div class=\"elementor-element elementor-element-84bbba6 elementor-widget elementor-widget-spacer\" data-id=\"84bbba6\" data-element_type=\"widget\" data-widget_type=\"spacer.default\">\n\t\t\t\t\t\t\t<div class=\"elementor-spacer\">\n\t\t\t<div class=\"elementor-spacer-inner\"><\/div>\n\t\t<\/div>\n\t\t\t\t\t\t<\/div>\n\t\t\t\t\t<\/div>\n\t\t\t\t<\/div>\n\t\t<div class=\"elementor-element elementor-element-fc3b63f e-flex e-con-boxed e-con e-parent\" data-id=\"fc3b63f\" data-element_type=\"container\">\n\t\t\t\t\t<div class=\"e-con-inner\">\n\t\t<div class=\"elementor-element elementor-element-2b29149 e-grid e-con-full e-con e-child\" data-id=\"2b29149\" data-element_type=\"container\">\n\t\t<div class=\"elementor-element elementor-element-c584862 e-con-full e-flex e-con e-child\" data-id=\"c584862\" data-element_type=\"container\">\n\t\t\t\t<div class=\"elementor-element elementor-element-789a2b2 elementor-widget elementor-widget-heading\" data-id=\"789a2b2\" data-element_type=\"widget\" data-widget_type=\"heading.default\">\n\t\t\t\t\t<h2 class=\"elementor-heading-title elementor-size-default\">PARROQUIA JES\u00daS NAZARENO<\/h2>\t\t\t\t<\/div>\n\t\t\t\t<div class=\"elementor-element elementor-element-d84884c elementor-widget elementor-widget-text-editor\" data-id=\"d84884c\" data-element_type=\"widget\" data-widget_type=\"text-editor.default\">\n\t\t\t\t\t\t\t\t\t<p>Tiene una arquitectura que data del Siglo XIX y fue construida en 1868<\/p>\t\t\t\t\t\t\t\t<\/div>\n\t\t\t\t<div class=\"elementor-element elementor-element-f55e64d elementor-widget elementor-widget-button\" data-id=\"f55e64d\" data-element_type=\"widget\" data-widget_type=\"button.default\">\n\t\t\t\t\t\t\t\t\t\t<a class=\"elementor-button elementor-button-link elementor-size-sm\" href=\"#\">\n\t\t\t\t\t\t<span class=\"elementor-button-content-wrapper\">\n\t\t\t\t\t\t<span class=\"elementor-button-icon\">\n\t\t\t\t<svg aria-hidden=\"true\" class=\"e-font-icon-svg e-far-arrow-alt-circle-right\" viewBox=\"0 0 512 512\" xmlns=\"http:\/\/www.w3.org\/2000\/svg\"><path d=\"M504 256C504 119 393 8 256 8S8 119 8 256s111 248 248 248 248-111 248-248zm-448 0c0-110.5 89.5-200 200-200s200 89.5 200 200-89.5 200-200 200S56 366.5 56 256zm72 20v-40c0-6.6 5.4-12 12-12h116v-67c0-10.7 12.9-16 20.5-8.5l99 99c4.7 4.7 4.7 12.3 0 17l-99 99c-7.6 7.6-20.5 2.2-20.5-8.5v-67H140c-6.6 0-12-5.4-12-12z\"><\/path><\/svg>\t\t\t<\/span>\n\t\t\t\t\t\t\t\t\t<span class=\"elementor-button-text\">Leer mas<\/span>\n\t\t\t\t\t<\/span>\n\t\t\t\t\t<\/a>\n\t\t\t\t\t\t\t\t<\/div>\n\t\t\t\t<\/div>\n\t\t<div class=\"elementor-element elementor-element-d109b8e e-con-full e-flex e-con e-child\" data-id=\"d109b8e\" data-element_type=\"container\">\n\t\t\t\t<div class=\"elementor-element elementor-element-6546d0d elementor-widget elementor-widget-image\" data-id=\"6546d0d\" data-element_type=\"widget\" data-widget_type=\"image.default\">\n\t\t\t\t\t\t\t\t\t\t\t\t\t\t\t<img loading=\"lazy\" decoding=\"async\" width=\"1024\" height=\"576\" src=\"https:\/\/jocotitlan.gob.mx\/turismo\/wp-content\/uploads\/2025\/10\/PARROQUIA-DE-JESUS-NAZARENO-1.png\" class=\"attachment-large size-large wp-image-1052\" alt=\"\" \/>\t\t\t\t\t\t\t\t\t\t\t\t\t\t\t<\/div>\n\t\t\t\t<\/div>\n\t\t\t\t<\/div>\n\t\t\t\t\t<\/div>\n\t\t\t\t<\/div>\n\t\t\t\t<\/div>\n\t\t","protected":false},"excerpt":{"rendered":"<p>PARQUE ECOTURISTICO XOCOTEPETL Ubicado en el Cerro Xocotepetl, puedes practicar actividades deportivas al aire libre, como senderismo, ciclismo de monta\u00f1a, adem\u00e1s cuenta con caba\u00f1as en renta y tubo hotel, un puente colgante, tirolesa, muro de escalar y puente tibetano, palapas y zona camping. Leer mas PARQUE ECOTURISTICO TIACAQUE El Parque Acu\u00edcola se encuentra en la [&hellip;]<\/p>\n","protected":false},"author":1,"featured_media":1121,"parent":0,"menu_order":0,"comment_status":"closed","ping_status":"closed","template":"","meta":{"_themeisle_gutenberg_block_has_review":false,"_kadence_starter_templates_imported_post":false,"footnotes":""},"class_list":["post-977","page","type-page","status-publish","has-post-thumbnail","hentry"],"blocksy_meta":{"page_structure_type":"type-4","styles_descriptor":{"styles":{"desktop":"[data-prefix=\"single_page\"] .entry-header .page-title {--theme-font-size:30px;} [data-prefix=\"single_page\"] .entry-header .entry-meta {--theme-font-weight:600;--theme-text-transform:uppercase;--theme-font-size:12px;--theme-line-height:1.3;} [data-prefix=\"single_page\"] .hero-section[data-type=\"type-2\"] {--min-height:300px;background-color:#f8f7f7;background-image:none;--container-padding:50px 0px;} [data-prefix=\"single_page\"] .hero-section[data-type=\"type-2\"] > figure .ct-media-container:after {background-color:rgba(18, 21, 26, 0.08);} [data-prefix=\"single_page\"] {background-color:#fafafa;background-image:none;}","tablet":"","mobile":""},"google_fonts":{"Montserrat":["n4","n6"]},"version":6},"has_hero_section":"enabled","hero_section":"type-2","hero_elements":[{"id":"custom_title","enabled":true,"heading_tag":"h1","title":"Inicio","__id":"1dn2py-MDaJ6Az6uDx1UT"},{"id":"custom_description","enabled":false,"description_visibility":{"desktop":true,"tablet":true,"mobile":false},"__id":"8yKhbJ4LWUZnli0EvxFLR"},{"id":"custom_meta","enabled":false,"meta_elements":[{"id":"author","enabled":true,"label":"Por","has_author_avatar":"yes","avatar_size":25},{"id":"post_date","enabled":true,"label":"El","date_format_source":"default","date_format":"M j, Y"},{"id":"updated_date","enabled":false,"label":"El","date_format_source":"default","date_format":"M j, Y"},{"id":"categories","enabled":false,"label":"Dentro","style":"simple"},{"id":"comments","enabled":true}],"page_meta_elements":{"joined":true,"articles_count":true,"comments":true},"__id":"Dt7iP1QgFcLkEgAhSELIP"},{"id":"breadcrumbs","enabled":false,"__id":"VZmpDPy590IV9OtdbQNgL"}],"pageTitleBackground":{"background_type":"color","background_pattern":"type-1","background_image":{"attachment_id":null,"x":0,"y":0},"gradient":"linear-gradient(135deg,rgba(6,147,227,1) 0%,rgb(155,81,224) 100%)","background_repeat":"repeat","background_size":"auto","background_attachment":"scroll","patternColor":{"default":{"color":"#e5e7ea"}},"overlayColor":{"default":{"color":"CT_CSS_SKIP_RULE"}},"backgroundColor":{"default":{"color":"#f8f7f7"}}},"pageTitleOverlay":{"background_type":"color","background_pattern":"type-1","background_image":{"attachment_id":null,"x":0,"y":0},"gradient":"linear-gradient(135deg,rgba(6,147,227,1) 0%,rgb(155,81,224) 100%)","background_repeat":"repeat","background_size":"auto","background_attachment":"scroll","patternColor":{"default":{"color":"#e5e7ea"}},"overlayColor":{"default":{"color":"CT_CSS_SKIP_RULE"}},"backgroundColor":{"default":{"color":"rgba(18, 21, 26, 0.08)"}}},"hero_alignment2":"center","page_title_image_size":"full","hero_height":"300px","parallax":{"desktop":true,"tablet":true,"mobile":true},"background":{"background_type":"color","background_pattern":"type-1","background_image":{"attachment_id":null,"x":0,"y":0},"gradient":"linear-gradient(135deg,rgba(6,147,227,1) 0%,rgb(155,81,224) 100%)","background_repeat":"repeat","background_size":"auto","background_attachment":"scroll","patternColor":{"default":{"color":"#e5e7ea"}},"overlayColor":{"default":{"color":"CT_CSS_SKIP_RULE"}},"backgroundColor":{"default":{"color":"#fafafa"}}}},"_links":{"self":[{"href":"https:\/\/jocotitlan.gob.mx\/turismo\/index.php?rest_route=\/wp\/v2\/pages\/977","targetHints":{"allow":["GET"]}}],"collection":[{"href":"https:\/\/jocotitlan.gob.mx\/turismo\/index.php?rest_route=\/wp\/v2\/pages"}],"about":[{"href":"https:\/\/jocotitlan.gob.mx\/turismo\/index.php?rest_route=\/wp\/v2\/types\/page"}],"author":[{"embeddable":true,"href":"https:\/\/jocotitlan.gob.mx\/turismo\/index.php?rest_route=\/wp\/v2\/users\/1"}],"replies":[{"embeddable":true,"href":"https:\/\/jocotitlan.gob.mx\/turismo\/index.php?rest_route=%2Fwp%2Fv2%2Fcomments&post=977"}],"version-history":[{"count":112,"href":"https:\/\/jocotitlan.gob.mx\/turismo\/index.php?rest_route=\/wp\/v2\/pages\/977\/revisions"}],"predecessor-version":[{"id":1651,"href":"https:\/\/jocotitlan.gob.mx\/turismo\/index.php?rest_route=\/wp\/v2\/pages\/977\/revisions\/1651"}],"wp:featuredmedia":[{"embeddable":true,"href":"https:\/\/jocotitlan.gob.mx\/turismo\/index.php?rest_route=\/wp\/v2\/media\/1121"}],"wp:attachment":[{"href":"https:\/\/jocotitlan.gob.mx\/turismo\/index.php?rest_route=%2Fwp%2Fv2%2Fmedia&parent=977"}],"curies":[{"name":"wp","href":"https:\/\/api.w.org\/{rel}","templated":true}]}}